{"id":617,"date":"2025-02-01T09:08:28","date_gmt":"2025-02-01T09:08:28","guid":{"rendered":"https:\/\/www.tecport.de\/wordpress\/?page_id=617"},"modified":"2025-02-06T13:21:50","modified_gmt":"2025-02-06T13:21:50","slug":"notstrom","status":"publish","type":"page","link":"https:\/\/www.tecport.de\/wordpress\/notstrom\/","title":{"rendered":"Notstrom"},"content":{"rendered":"\n<p><mark style=\"background-color:rgba(0, 0, 0, 0);color:#ff0000\" class=\"has-inline-color\"><strong>Tecport Manufaktur<\/strong><\/mark><\/p>\n\n\n\n<p>Gemeinsam mit dem Hersteller Atlas Copco Power Technique GmbH, einer der f\u00fchrenden Hersteller von Stromaggregaten, Batteriespeicher, Pumpen und Kompressoren weltweit, liefern wir Stromaggregate vom kleinen 6 KVA-Ger\u00e4t f\u00fcr den Privatgebrauch bis hin zur Netzersatzanlage f\u00fcr industrielle Nutzung mit bis zu 1.450 KVA. Neben der Bereitstellung, Transport, Aufstellung, Einbau und Anschluss station\u00e4rer Anlagen entwickeln wir individuelle mobile L\u00f6sungen f\u00fcr alle diese Aggregate auf speziellen Trailern mit entsprechenden Aufbauten wie Lichtmasten, Schaltschr\u00e4nken mit Umschaltung von TN auf NT-Netz, diversen Steckdosen und Staum\u00f6glichkeiten f\u00fcr Zubeh\u00f6r wie Kabeltrommeln, Verteilerw\u00fcrfel usw.<\/p>\n\n\n\n<figure class=\"wp-block-image size-full\"><img loading=\"lazy\" decoding=\"async\" width=\"1000\" height=\"200\" src=\"https:\/\/www.tecport.de\/wordpress\/wp-content\/uploads\/2025\/02\/Notstrom_collage.jpg\" alt=\"\" class=\"wp-image-70829\" srcset=\"https:\/\/www.tecport.de\/wordpress\/wp-content\/uploads\/2025\/02\/Notstrom_collage.jpg 1000w, https:\/\/www.tecport.de\/wordpress\/wp-content\/uploads\/2025\/02\/Notstrom_collage-300x60.jpg 300w, https:\/\/www.tecport.de\/wordpress\/wp-content\/uploads\/2025\/02\/Notstrom_collage-768x154.jpg 768w, https:\/\/www.tecport.de\/wordpress\/wp-content\/uploads\/2025\/02\/Notstrom_collage-624x125.jpg 624w\" sizes=\"auto, (max-width: 1000px) 100vw, 1000px\" \/><\/figure>\n\n\n\n<p>Diese Leistungen bieten wir ebenfalls in den Bereichen Spezialpumpen und L\u00fcftungstechnik. Von der kleinen Handpumpe bis zur gro\u00dfen Hochdruckpumpe auf ma\u00dfgeschneidertem Fahrwerk bieten wir eine ganze Palette an Pumpen f\u00fcr den t\u00e4glichen Einsatz. F\u00fcr stets gute und ausreichende Luftzufuhr sorgen unsere autarken Bel\u00fcftungssysteme f\u00fcr Tunnel, Kan\u00e4le und Bergwerke mit einer Bel\u00fcftungsleistung von 25.000 m\u00b3 pro Stunde, die ebenfalls auf speziell umgebauten Trailern bereitgestellt werden.<\/p>\n\n\n\n<p>Dar\u00fcber hinaus vertreiben wir ein komplettes Sortiment von Bau- und Industriekompressoren, die sich besonders \u00fcberall dort bew\u00e4hren, wo keine direkte Bestromung durch den lokalen Energieversorger gegeben ist. Diese k\u00f6nnen Sie in diversen Gr\u00f6\u00dfen bis zur Speziall\u00f6sung mit einer Generatorleistung von bis zu 20 KVA erhalten.<\/p>\n\n\n\n<figure class=\"wp-block-image size-full\"><img loading=\"lazy\" decoding=\"async\" width=\"1000\" height=\"200\" src=\"https:\/\/www.tecport.de\/wordpress\/wp-content\/uploads\/2025\/02\/Notstrom_collage1-1.jpg\" alt=\"\" class=\"wp-image-70828\" srcset=\"https:\/\/www.tecport.de\/wordpress\/wp-content\/uploads\/2025\/02\/Notstrom_collage1-1.jpg 1000w, https:\/\/www.tecport.de\/wordpress\/wp-content\/uploads\/2025\/02\/Notstrom_collage1-1-300x60.jpg 300w, https:\/\/www.tecport.de\/wordpress\/wp-content\/uploads\/2025\/02\/Notstrom_collage1-1-768x154.jpg 768w, https:\/\/www.tecport.de\/wordpress\/wp-content\/uploads\/2025\/02\/Notstrom_collage1-1-624x125.jpg 624w\" sizes=\"auto, (max-width: 1000px) 100vw, 1000px\" \/><\/figure>\n\n\n\n<p>All diese Ger\u00e4te werden individuell auf Kundenwunsch bezogen geplant und in unserer Manufaktur entsprechend gebaut.<\/p>\n\n\n\n<p>Wir k\u00f6nnen inzwischen auf eine gro\u00dfe Anzahl von gebauten Sonderfahrzeugen zur\u00fcckblicken und haben damit eine gro\u00dfe Anzahl von Referenzen, auf welche wir verweisen k\u00f6nnen.\u201c<\/p>\n\n\n\n<div class=\"wp-block-columns is-layout-flex wp-container-core-columns-is-layout-9d6595d7 wp-block-columns-is-layout-flex\">\n<div class=\"wp-block-column is-layout-flow wp-block-column-is-layout-flow\"><\/div>\n\n\n\n<div class=\"wp-block-column is-layout-flow wp-block-column-is-layout-flow\"><\/div>\n\n\n\n<div class=\"wp-block-column is-layout-flow wp-block-column-is-layout-flow\"><\/div>\n<\/div>\n\n\n\n<p><\/p>\n","protected":false},"excerpt":{"rendered":"<p>Tecport Manufaktur Gemeinsam mit dem Hersteller Atlas Copco Power Technique GmbH, einer der f\u00fchrenden Hersteller von Stromaggregaten, Batteriespeicher, Pumpen und Kompressoren weltweit, liefern wir Stromaggregate vom kleinen 6 KVA-Ger\u00e4t f\u00fcr den Privatgebrauch bis hin zur Netzersatzanlage f\u00fcr industrielle Nutzung mit bis zu 1.450 KVA. Neben der Bereitstellung, Transport, Aufstellung, Einbau und Anschluss station\u00e4rer Anlagen entwickeln [&hellip;]<\/p>\n","protected":false},"author":2,"featured_media":70799,"parent":0,"menu_order":1,"comment_status":"closed","ping_status":"closed","template":"","meta":{"footnotes":""},"class_list":["post-617","page","type-page","status-publish","has-post-thumbnail","hentry"],"_links":{"self":[{"href":"https:\/\/www.tecport.de\/wordpress\/wp-json\/wp\/v2\/pages\/617","targetHints":{"allow":["GET"]}}],"collection":[{"href":"https:\/\/www.tecport.de\/wordpress\/wp-json\/wp\/v2\/pages"}],"about":[{"href":"https:\/\/www.tecport.de\/wordpress\/wp-json\/wp\/v2\/types\/page"}],"author":[{"embeddable":true,"href":"https:\/\/www.tecport.de\/wordpress\/wp-json\/wp\/v2\/users\/2"}],"replies":[{"embeddable":true,"href":"https:\/\/www.tecport.de\/wordpress\/wp-json\/wp\/v2\/comments?post=617"}],"version-history":[{"count":17,"href":"https:\/\/www.tecport.de\/wordpress\/wp-json\/wp\/v2\/pages\/617\/revisions"}],"predecessor-version":[{"id":70833,"href":"https:\/\/www.tecport.de\/wordpress\/wp-json\/wp\/v2\/pages\/617\/revisions\/70833"}],"wp:featuredmedia":[{"embeddable":true,"href":"https:\/\/www.tecport.de\/wordpress\/wp-json\/wp\/v2\/media\/70799"}],"wp:attachment":[{"href":"https:\/\/www.tecport.de\/wordpress\/wp-json\/wp\/v2\/media?parent=617"}],"curies":[{"name":"wp","href":"https:\/\/api.w.org\/{rel}","templated":true}]}}