{"id":5,"date":"2016-08-31T14:10:28","date_gmt":"2016-08-31T14:10:28","guid":{"rendered":"http:\/\/www.tecport.de\/wordpress\/?page_id=5"},"modified":"2022-10-14T06:46:11","modified_gmt":"2022-10-14T06:46:11","slug":"firma","status":"publish","type":"page","link":"https:\/\/www.tecport.de\/wordpress\/firma\/","title":{"rendered":"Ein Unternehmen mit Geschichte"},"content":{"rendered":"<table style=\"height: 333px;\" width=\"835\">\n<tbody>\n<tr>\n<td width=\"49%\"><span style=\"color: #000000;\">Tecklenborg <\/span>\u2013 der Name steht f\u00fcr ein traditionsreiches Familienunternehmen der Bau- und Industriemaschinenbranche. Die Familie Tecklenborg, die in zweiter Generation ihr Unternehmen in Werne im Ruhrgebiet betreibt, gr\u00fcndete die Tecklenborg Baumaschinen GmbH im Jahre 1990 am jetzigen Standort in Polkenberg. Dieser Ortsteil der Stadt Leisnig liegt verkehrsg\u00fcnstig direkt an der A14 zwischen Leipzig und Dresden.<\/p>\n<p>Stefan Ri\u00dfel, der 1994 als Gesch\u00e4ftsf\u00fchrer in das Unternehmen einstieg, hat die Tecklenborg Baumaschinen GmbH im Jahre 1998 als alleiniger Gesellschafter \u00fcbernommen.<\/td>\n<td width=\"4%\"><\/td>\n<td width=\"47%\">Er sorgte daf\u00fcr, dass seit Ende der 90er Jahre die Palette der Standardbaumaschinen durch die Umschlagmaschinen der Firma Sennebogen erweitert wurde. Neben dem Baugewerbe stellen heute Dienstleistungen f\u00fcr die Industrie ein zweites wichtiges Standbein dar.<\/p>\n<p>\u00dcber 30 Jahre Erfahrung mit den von uns vertriebenen Produkten versetzen unsere 50 kompetenten und flexiblen Mitarbeiter in die Lage, Ihnen genau die Dienstleistungen zu bieten, die Sie f\u00fcr einen erfolgreichen Abschluss Ihres Bauvorhabens ben\u00f6tigen.<\/td>\n<\/tr>\n<\/tbody>\n<\/table>\n<p><img loading=\"lazy\" decoding=\"async\" class=\"alignnone wp-image-546 size-full\" src=\"https:\/\/www.tecport.de\/wordpress\/wp-content\/uploads\/2019\/07\/Foto_Firma_2019_Banner.jpg\" alt=\"\" width=\"3592\" height=\"1452\" srcset=\"https:\/\/www.tecport.de\/wordpress\/wp-content\/uploads\/2019\/07\/Foto_Firma_2019_Banner.jpg 3592w, https:\/\/www.tecport.de\/wordpress\/wp-content\/uploads\/2019\/07\/Foto_Firma_2019_Banner-300x121.jpg 300w, https:\/\/www.tecport.de\/wordpress\/wp-content\/uploads\/2019\/07\/Foto_Firma_2019_Banner-768x310.jpg 768w, https:\/\/www.tecport.de\/wordpress\/wp-content\/uploads\/2019\/07\/Foto_Firma_2019_Banner-1024x414.jpg 1024w, https:\/\/www.tecport.de\/wordpress\/wp-content\/uploads\/2019\/07\/Foto_Firma_2019_Banner-624x252.jpg 624w\" sizes=\"auto, (max-width: 3592px) 100vw, 3592px\" \/><\/p>\n<table border=\"0\" width=\"100%\">\n<tbody>\n<tr>\n<td width=\"49%\">\n<div align=\"justify\">Die Tecklenborg Baumaschinen GmbH ist Ihr Partner mit der kompletten Technik f\u00fcr gro\u00dfe Bauvorhaben. Ob im Tief-, Stra\u00dfen- und Kanalbau, Abriss und Recycling oder im Br\u00fccken-, Industrie- und Hochbau \u2013 wir beraten und betreuen Sie umfassend und absolut zuverl\u00e4ssig. Unsere Lieferanten bieten mit innovativer Technik aus \u00fcberwiegend deutschen Produktionsst\u00e4tten modernste Ger\u00e4te mit hoher Ersatzteilverf\u00fcgbarkeit, die auch nach schwerstem Einsatz einen hohen Wiederverkaufswert garantieren. Unsere Produktpalette reicht<\/div>\n<\/td>\n<td width=\"4%\"><\/td>\n<td width=\"47%\">\n<div align=\"justify\">\n<p>von Standardbaumaschinen wie Mini-, Mobil- oder Raupenbagger, Planierraupen und Radlader \u00fcber Notstromaggregate, Kompressoren und Pumpen bis hin zu Spezialger\u00e4ten f\u00fcr Materialumschlag und Kranarbeiten. Ihr Bauvorhaben ist unsere Herausforderung. Mit insgesamt sieben Niederlassungen beziehungsweise Servicest\u00fctzpunkten sowie f\u00fcnf Verkaufsb\u00fcros, die unser Verkaufsgebiet Sachsen, Sachsen-Anhalt, sowie Teile von Brandenburg und Th\u00fcringen abdecken, stehen wir Ihnen zur optimalen L\u00f6sung Ihrer Aufgaben zur Seite.<\/p>\n<\/div>\n<\/td>\n<\/tr>\n<\/tbody>\n<\/table>\n","protected":false},"excerpt":{"rendered":"<p>Tecklenborg \u2013 der Name steht f\u00fcr ein traditionsreiches Familienunternehmen der Bau- und Industriemaschinenbranche. Die Familie Tecklenborg, die in zweiter Generation ihr Unternehmen in Werne im Ruhrgebiet betreibt, gr\u00fcndete die Tecklenborg Baumaschinen GmbH im Jahre 1990 am jetzigen Standort in Polkenberg. Dieser Ortsteil der Stadt Leisnig liegt verkehrsg\u00fcnstig direkt an der A14 zwischen Leipzig und Dresden. [&hellip;]<\/p>\n","protected":false},"author":1,"featured_media":0,"parent":0,"menu_order":0,"comment_status":"closed","ping_status":"closed","template":"page-templates\/full-width.php","meta":{"footnotes":""},"class_list":["post-5","page","type-page","status-publish","hentry"],"_links":{"self":[{"href":"https:\/\/www.tecport.de\/wordpress\/wp-json\/wp\/v2\/pages\/5","targetHints":{"allow":["GET"]}}],"collection":[{"href":"https:\/\/www.tecport.de\/wordpress\/wp-json\/wp\/v2\/pages"}],"about":[{"href":"https:\/\/www.tecport.de\/wordpress\/wp-json\/wp\/v2\/types\/page"}],"author":[{"embeddable":true,"href":"https:\/\/www.tecport.de\/wordpress\/wp-json\/wp\/v2\/users\/1"}],"replies":[{"embeddable":true,"href":"https:\/\/www.tecport.de\/wordpress\/wp-json\/wp\/v2\/comments?post=5"}],"version-history":[{"count":16,"href":"https:\/\/www.tecport.de\/wordpress\/wp-json\/wp\/v2\/pages\/5\/revisions"}],"predecessor-version":[{"id":589,"href":"https:\/\/www.tecport.de\/wordpress\/wp-json\/wp\/v2\/pages\/5\/revisions\/589"}],"wp:attachment":[{"href":"https:\/\/www.tecport.de\/wordpress\/wp-json\/wp\/v2\/media?parent=5"}],"curies":[{"name":"wp","href":"https:\/\/api.w.org\/{rel}","templated":true}]}}