{"id":44,"date":"2016-09-02T11:52:41","date_gmt":"2016-09-02T11:52:41","guid":{"rendered":"http:\/\/www.tecport.de\/wordpress\/?page_id=44"},"modified":"2020-04-14T09:25:13","modified_gmt":"2020-04-14T09:25:13","slug":"vermietung","status":"publish","type":"page","link":"https:\/\/www.tecport.de\/wordpress\/vermietung\/","title":{"rendered":"Vermietung"},"content":{"rendered":"<p><span style=\"color: black; font-family: Verdana, Arial; font-size: small;\"><span style=\"font-size: xx-small;\">Preisangaben f\u00fcr die einzelnen Baumaschinen und Ger\u00e4te erhalten Sie per Klick auf die Schlagw\u00f6rter! <\/span><\/span><\/p>\n<p><span style=\"color: blue;\"><b><span style=\"color: #3366ff;\"><a style=\"color: #3366ff;\" href=\"https:\/\/www.tecport.de\/wordpress\/minibagger\/\">Minibagger<\/a><\/span><\/b><\/span><\/p>\n<p><span style=\"color: blue;\"><span style=\"color: #3366ff;\"><a style=\"color: #3366ff;\" href=\"https:\/\/www.tecport.de\/wordpress\/radlader\/\"><b>Radlader<\/b><\/a><\/span><\/span><\/p>\n<p><span style=\"color: blue;\"><span style=\"color: #3366ff;\"><a style=\"color: #3366ff;\" href=\"https:\/\/www.tecport.de\/wordpress\/mobilbagger\/\"><b>Mobilbagger<\/b><\/a><\/span><\/span><\/p>\n<p><span style=\"color: blue;\"><span style=\"color: #3366ff;\"><a style=\"color: #3366ff;\" href=\"https:\/\/www.tecport.de\/wordpress\/raupenbagger\/\"><b>Raupenbagger<\/b><\/a><\/span><\/span><\/p>\n<p><span style=\"color: blue;\"><span style=\"color: blue;\"><span style=\"color: #3366ff;\"><a style=\"color: #3366ff;\" href=\"https:\/\/www.tecport.de\/wordpress\/umschalgmaschinen\/\"><b>Umschlagmaschinen<\/b><\/a><\/span><\/span><\/span><\/p>\n<p><span style=\"color: blue;\"><span style=\"color: blue;\"><span style=\"color: blue;\"><span style=\"color: #3366ff;\"><a style=\"color: #3366ff;\" href=\"https:\/\/www.tecport.de\/wordpress\/teleskopkrane\/\"><b>Teleskopkrane<\/b><\/a><\/span><\/span><\/span><\/span><\/p>\n<p><span style=\"color: blue;\"><span style=\"color: blue;\"><span style=\"color: blue;\"><span style=\"color: #3366ff;\"><a style=\"color: #3366ff;\" href=\"https:\/\/www.tecport.de\/wordpress\/anbaugeraete\/\"><b>Anbauger\u00e4te<\/b><\/a><\/span><\/span><\/span><\/span><\/p>\n<p><span style=\"color: blue;\"><span style=\"color: blue;\"><span style=\"color: blue;\"><span style=\"color: #3366ff;\"><a style=\"color: #3366ff;\" href=\"https:\/\/www.tecport.de\/wordpress\/verdichtungstechnik\/\"><b>Verdichtungstechnik<\/b><\/a><\/span><\/span><\/span><\/span><\/p>\n<p><span style=\"color: blue;\"><span style=\"color: blue;\"><span style=\"color: blue;\"><span style=\"color: #3366ff;\"><a style=\"color: #3366ff;\" href=\"https:\/\/www.tecport.de\/wordpress\/abbruchtechnik\/\"><b>Abbruchtechnik<\/b><\/a><\/span><\/span><\/span><\/span><\/p>\n<p><a href=\"https:\/\/www.tecport.de\/wordpress\/?page_id=319\">Kontakt \/ Anfrage Mieten einer Baumaschine<\/a><\/p>\n<ul>\n<li>Es gelten die Allgemeinen Vermietungsbedingungen der Tecklenborg Baumaschinen GmbH <a class=\"roll\" href=\"https:\/\/tecport.de\/wordpress\/wp-content\/uploads\/2016\/09\/Vermietungsbedingungen.pdf\" target=\"verm_doku\">(aktuelle Fassung lesen)<\/a>.<\/li>\n<li>Alle Preise gelten pro Arbeitstag bei max. 8 Bh. Die Woche entspricht 5 Arbeitstagen, der Monat 22 Arbeitstagen.<\/li>\n<li>Die Mietpreise sind Nettopreise in EURO und gelten zzgl. Versicherung und gesetzlicher Mehrwertsteuer.<\/li>\n<li>Bei Langzeitmieten von mehr als 3 Monaten gew\u00e4hren wir Sonder-Netto-Mietpreise.<\/li>\n<li>Der Mietschein gilt als Mietvertrag.<\/li>\n<li>Die Miete ist im voraus zahlbar.<\/li>\n<li>Die Mietpreise enthalten alle vorgeschriebenen Inspektionen.<\/li>\n<li>Der Mieter verpflichtet sich zum Abschluss einer Maschinenbruchversicherung nach ABMG &#8217;92. Das Haftpflichtrisiko ist nicht versichert.<\/li>\n<li>Der Mieter haftet f\u00fcr die rechtzeitige R\u00fcckgabe des unbesch\u00e4digten sowie gereinigten und vollgetankten Ger\u00e4tes.<\/li>\n<li>Ein Ausfall des Betriebsstundenz\u00e4hlers ist dem Vermieter unverz\u00fcglich anzuzeigen.<\/li>\n<li>Die Vermietung stellt eine Dienstleistung dar und ist deshalb nicht skontierf\u00e4hig.<\/li>\n<li>Auf Wunsch liefern wir Ihnen das Mietger\u00e4t gegen Berechnung eines Entgeldes an.<\/li>\n<\/ul>\n","protected":false},"excerpt":{"rendered":"<p>Preisangaben f\u00fcr die einzelnen Baumaschinen und Ger\u00e4te erhalten Sie per Klick auf die Schlagw\u00f6rter! Minibagger Radlader Mobilbagger Raupenbagger Umschlagmaschinen Teleskopkrane Anbauger\u00e4te Verdichtungstechnik Abbruchtechnik Kontakt \/ Anfrage Mieten einer Baumaschine Es gelten die Allgemeinen Vermietungsbedingungen der Tecklenborg Baumaschinen GmbH (aktuelle Fassung lesen). Alle Preise gelten pro Arbeitstag bei max. 8 Bh. Die Woche entspricht 5 Arbeitstagen, [&hellip;]<\/p>\n","protected":false},"author":2,"featured_media":0,"parent":0,"menu_order":0,"comment_status":"closed","ping_status":"closed","template":"page-templates\/full-width.php","meta":{"footnotes":""},"class_list":["post-44","page","type-page","status-publish","hentry"],"_links":{"self":[{"href":"https:\/\/www.tecport.de\/wordpress\/wp-json\/wp\/v2\/pages\/44","targetHints":{"allow":["GET"]}}],"collection":[{"href":"https:\/\/www.tecport.de\/wordpress\/wp-json\/wp\/v2\/pages"}],"about":[{"href":"https:\/\/www.tecport.de\/wordpress\/wp-json\/wp\/v2\/types\/page"}],"author":[{"embeddable":true,"href":"https:\/\/www.tecport.de\/wordpress\/wp-json\/wp\/v2\/users\/2"}],"replies":[{"embeddable":true,"href":"https:\/\/www.tecport.de\/wordpress\/wp-json\/wp\/v2\/comments?post=44"}],"version-history":[{"count":77,"href":"https:\/\/www.tecport.de\/wordpress\/wp-json\/wp\/v2\/pages\/44\/revisions"}],"predecessor-version":[{"id":556,"href":"https:\/\/www.tecport.de\/wordpress\/wp-json\/wp\/v2\/pages\/44\/revisions\/556"}],"wp:attachment":[{"href":"https:\/\/www.tecport.de\/wordpress\/wp-json\/wp\/v2\/media?parent=44"}],"curies":[{"name":"wp","href":"https:\/\/api.w.org\/{rel}","templated":true}]}}