{"id":42,"date":"2016-09-02T11:52:29","date_gmt":"2016-09-02T11:52:29","guid":{"rendered":"http:\/\/www.tecport.de\/wordpress\/?page_id=42"},"modified":"2023-03-13T09:06:09","modified_gmt":"2023-03-13T09:06:09","slug":"transporte","status":"publish","type":"page","link":"https:\/\/www.tecport.de\/wordpress\/transporte\/","title":{"rendered":"Wir vermieten und transportieren"},"content":{"rendered":"<p>Mit namhaften Firmen wie Hyundai, Case, Terex|Schaeff und Sennebogen arbeiten wir seit vielen Jahren erfolgreich zusammen. Eine Vielzahl dieser Maschinen bieten wir Ihnen auch zur Miete aus unserem firmeneigenen Mietpark. Rund 80 Ger\u00e4te zwischen 1,5 und 40 t Einsatzgewicht mit entsprechenden Anbauwerkzeugen stehen Ihnen zur Verf\u00fcgung. Neben der klassischen Vermietung oder Langzeitvermietung nutzen wir diese Ger\u00e4te f\u00fcr die Vorf\u00fchrung bei der Verhandlung zum Neuger\u00e4teverkauf. Dadurch genie\u00dfen Sie den Vorteil, bei uns stets das neueste Equipment auch mieten zu k\u00f6nnen.<br \/>\nMit eigenen Satteltiefladern und entsprechenden Zugmaschinen sowie weiteren Pritschenfahrzeugen mit Ladekran sind wir in der Lage, alle diese Maschinen kurzfristig und flexibel in k\u00fcrzester Zeit auf Ihre Baustelle transportieren zu k\u00f6nnen. Als eingetragenens Transportunternehmen transportieren wir selbstverst\u00e4ndlich auch Ihre eigenen Baumaschinen kosteng\u00fcnstig und schnell von Baustelle zu Baustelle.<br \/>\n<div id=\"metaslider-id-665\" style=\"width: 100%;\" class=\"ml-slider-3-109-0 metaslider metaslider-flex metaslider-665 ml-slider has-carousel-mode ms-theme-default nav-hidden\" role=\"region\" aria-label=\"Transporte\" data-height=\"300\" data-width=\"700\">\n    <div id=\"metaslider_container_665\">\n        <div id=\"metaslider_665\">\n            <ul class='slides'>\n                <li style=\"display: none; width: 100%;\" class=\"slide-668 ms-image \" aria-roledescription=\"slide\" data-date=\"2023-03-13 09:05:00\" data-filename=\"DSC_1346_photographisches.com_ThomasKruse-1.jpg\" data-slide-type=\"image\"><img loading=\"lazy\" decoding=\"async\" width=\"626\" height=\"418\" src=\"https:\/\/www.tecport.de\/wordpress\/wp-content\/uploads\/2023\/03\/DSC_1346_photographisches.com_ThomasKruse-1.jpg\" class=\"slider-665 slide-668 msDefaultImage\" alt=\"\" rel=\"\" title=\"DSC_1346_photographisches.com_ThomasKruse (1)\" srcset=\"https:\/\/www.tecport.de\/wordpress\/wp-content\/uploads\/2023\/03\/DSC_1346_photographisches.com_ThomasKruse-1.jpg 626w, https:\/\/www.tecport.de\/wordpress\/wp-content\/uploads\/2023\/03\/DSC_1346_photographisches.com_ThomasKruse-1-300x200.jpg 300w, https:\/\/www.tecport.de\/wordpress\/wp-content\/uploads\/2023\/03\/DSC_1346_photographisches.com_ThomasKruse-1-624x417.jpg 624w\" sizes=\"auto, (max-width: 626px) 100vw, 626px\" \/><\/li>\n                <li style=\"display: none; width: 100%;\" class=\"slide-669 ms-image \" aria-roledescription=\"slide\" data-date=\"2023-03-13 09:05:00\" data-filename=\"IMG_1738-1.jpg\" data-slide-type=\"image\"><img loading=\"lazy\" decoding=\"async\" width=\"591\" height=\"443\" src=\"https:\/\/www.tecport.de\/wordpress\/wp-content\/uploads\/2023\/03\/IMG_1738-1.jpg\" class=\"slider-665 slide-669 msDefaultImage\" alt=\"\" rel=\"\" title=\"IMG_1738 (1)\" srcset=\"https:\/\/www.tecport.de\/wordpress\/wp-content\/uploads\/2023\/03\/IMG_1738-1.jpg 591w, https:\/\/www.tecport.de\/wordpress\/wp-content\/uploads\/2023\/03\/IMG_1738-1-300x225.jpg 300w\" sizes=\"auto, (max-width: 591px) 100vw, 591px\" \/><\/li>\n            <\/ul>\n        <\/div>\n        \n    <\/div>\n<\/div><\/p>\n<div id=\"metabox_basic_settings\" class=\"postbox\">\u00a0<a href=\"https:\/\/www.tecport.de\/wordpress\/?page_id=114\">Anfrage Transport einer Baumaschine<\/a><\/div>\n","protected":false},"excerpt":{"rendered":"<p>Mit namhaften Firmen wie Hyundai, Case, Terex|Schaeff und Sennebogen arbeiten wir seit vielen Jahren erfolgreich zusammen. Eine Vielzahl dieser Maschinen bieten wir Ihnen auch zur Miete aus unserem firmeneigenen Mietpark. Rund 80 Ger\u00e4te zwischen 1,5 und 40 t Einsatzgewicht mit entsprechenden Anbauwerkzeugen stehen Ihnen zur Verf\u00fcgung. Neben der klassischen Vermietung oder Langzeitvermietung nutzen wir diese [&hellip;]<\/p>\n","protected":false},"author":2,"featured_media":0,"parent":0,"menu_order":0,"comment_status":"closed","ping_status":"closed","template":"","meta":{"footnotes":""},"class_list":["post-42","page","type-page","status-publish","hentry"],"_links":{"self":[{"href":"https:\/\/www.tecport.de\/wordpress\/wp-json\/wp\/v2\/pages\/42","targetHints":{"allow":["GET"]}}],"collection":[{"href":"https:\/\/www.tecport.de\/wordpress\/wp-json\/wp\/v2\/pages"}],"about":[{"href":"https:\/\/www.tecport.de\/wordpress\/wp-json\/wp\/v2\/types\/page"}],"author":[{"embeddable":true,"href":"https:\/\/www.tecport.de\/wordpress\/wp-json\/wp\/v2\/users\/2"}],"replies":[{"embeddable":true,"href":"https:\/\/www.tecport.de\/wordpress\/wp-json\/wp\/v2\/comments?post=42"}],"version-history":[{"count":13,"href":"https:\/\/www.tecport.de\/wordpress\/wp-json\/wp\/v2\/pages\/42\/revisions"}],"predecessor-version":[{"id":670,"href":"https:\/\/www.tecport.de\/wordpress\/wp-json\/wp\/v2\/pages\/42\/revisions\/670"}],"wp:attachment":[{"href":"https:\/\/www.tecport.de\/wordpress\/wp-json\/wp\/v2\/media?parent=42"}],"curies":[{"name":"wp","href":"https:\/\/api.w.org\/{rel}","templated":true}]}}