{"id":38,"date":"2016-09-02T11:52:06","date_gmt":"2016-09-02T11:52:06","guid":{"rendered":"http:\/\/www.tecport.de\/wordpress\/?page_id=38"},"modified":"2020-04-14T09:26:55","modified_gmt":"2020-04-14T09:26:55","slug":"verkauf","status":"publish","type":"page","link":"https:\/\/www.tecport.de\/wordpress\/verkauf\/","title":{"rendered":"Wir sind f\u00fcr Sie vor Ort"},"content":{"rendered":"<div id=\"metaslider-id-81\" style=\"width: 100%;\" class=\"ml-slider-3-108-0 metaslider metaslider-flex metaslider-81 ml-slider has-carousel-mode ms-theme-default nav-hidden\" role=\"region\" aria-label=\"Verkauf\" data-height=\"300\" data-width=\"700\">\n    <div id=\"metaslider_container_81\">\n        <div id=\"metaslider_81\">\n            <ul class='slides'>\n                <li style=\"display: none; width: 100%;\" class=\"slide-655 ms-image \" aria-roledescription=\"slide\" data-date=\"2023-03-13 08:50:01\" data-filename=\"DSC_1559_photographisches.com_ThomasKruse-1.jpg\" data-slide-type=\"image\"><img loading=\"lazy\" decoding=\"async\" width=\"626\" height=\"418\" src=\"https:\/\/www.tecport.de\/wordpress\/wp-content\/uploads\/2023\/03\/DSC_1559_photographisches.com_ThomasKruse-1.jpg\" class=\"slider-81 slide-655 msDefaultImage\" alt=\"\" rel=\"\" title=\"DSC_1559_photographisches.com_ThomasKruse (1)\" srcset=\"https:\/\/www.tecport.de\/wordpress\/wp-content\/uploads\/2023\/03\/DSC_1559_photographisches.com_ThomasKruse-1.jpg 626w, https:\/\/www.tecport.de\/wordpress\/wp-content\/uploads\/2023\/03\/DSC_1559_photographisches.com_ThomasKruse-1-300x200.jpg 300w, https:\/\/www.tecport.de\/wordpress\/wp-content\/uploads\/2023\/03\/DSC_1559_photographisches.com_ThomasKruse-1-624x417.jpg 624w\" sizes=\"auto, (max-width: 626px) 100vw, 626px\" \/><\/li>\n                <li style=\"display: none; width: 100%;\" class=\"slide-656 ms-image \" aria-roledescription=\"slide\" data-date=\"2023-03-13 08:50:02\" data-filename=\"DSC_1499_photographisches.com_ThomasKruse.jpg\" data-slide-type=\"image\"><img loading=\"lazy\" decoding=\"async\" width=\"626\" height=\"418\" src=\"https:\/\/www.tecport.de\/wordpress\/wp-content\/uploads\/2023\/03\/DSC_1499_photographisches.com_ThomasKruse.jpg\" class=\"slider-81 slide-656 msDefaultImage\" alt=\"\" rel=\"\" title=\"DSC_1499_photographisches.com_ThomasKruse\" srcset=\"https:\/\/www.tecport.de\/wordpress\/wp-content\/uploads\/2023\/03\/DSC_1499_photographisches.com_ThomasKruse.jpg 626w, https:\/\/www.tecport.de\/wordpress\/wp-content\/uploads\/2023\/03\/DSC_1499_photographisches.com_ThomasKruse-300x200.jpg 300w, https:\/\/www.tecport.de\/wordpress\/wp-content\/uploads\/2023\/03\/DSC_1499_photographisches.com_ThomasKruse-624x417.jpg 624w\" sizes=\"auto, (max-width: 626px) 100vw, 626px\" \/><\/li>\n            <\/ul>\n        <\/div>\n        \n    <\/div>\n<\/div>\n<p>Unsere Verk\u00e4ufer im Au\u00dfendienst legen im mitteldeutschen Raum jedes Jahr bis zu 60.000 km zur\u00fcck, um Ihnen eine optimale Betreuung bieten zu k\u00f6nnen. An f\u00fcnf Standorten haben wir Verkaufsb\u00fcros eingerichtet, welche durch moderne EDVTechnik mit unserem Hauptsitz in Polkenberg verbunden sind. Somit haben unsere Au\u00dfendienstmitarbeiter auf alle Informationen direkten Zugriff. Die Entscheidungswege sind kurz und direkt, damit wir f\u00fcr Sie schnell zu Ergebnissen kommen.<\/p>\n<p>Die gesamte Vertriebsabwicklung wird von der Gesch\u00e4ftsf\u00fchrung zentral von Polkenberg aus gesteuert. Der Verkauf von Neu- und Gebrauchtmaschinen mit entsprechendem Zubeh\u00f6r geh\u00f6rt ebenso zum Aufgabenbereich der Mitarbeiter im Au\u00dfendienst wie die Kundenakquisition und -pflege.<\/p>\n<p><a href=\"https:\/\/www.tecport.de\/wordpress\/?page_id=328\">Kontakt \/ Anfrage Neuger\u00e4t<\/a><\/p>\n","protected":false},"excerpt":{"rendered":"<p>Unsere Verk\u00e4ufer im Au\u00dfendienst legen im mitteldeutschen Raum jedes Jahr bis zu 60.000 km zur\u00fcck, um Ihnen eine optimale Betreuung bieten zu k\u00f6nnen. An f\u00fcnf Standorten haben wir Verkaufsb\u00fcros eingerichtet, welche durch moderne EDVTechnik mit unserem Hauptsitz in Polkenberg verbunden sind. Somit haben unsere Au\u00dfendienstmitarbeiter auf alle Informationen direkten Zugriff. Die Entscheidungswege sind kurz und [&hellip;]<\/p>\n","protected":false},"author":2,"featured_media":0,"parent":0,"menu_order":0,"comment_status":"closed","ping_status":"closed","template":"","meta":{"footnotes":""},"class_list":["post-38","page","type-page","status-publish","hentry"],"_links":{"self":[{"href":"https:\/\/www.tecport.de\/wordpress\/wp-json\/wp\/v2\/pages\/38","targetHints":{"allow":["GET"]}}],"collection":[{"href":"https:\/\/www.tecport.de\/wordpress\/wp-json\/wp\/v2\/pages"}],"about":[{"href":"https:\/\/www.tecport.de\/wordpress\/wp-json\/wp\/v2\/types\/page"}],"author":[{"embeddable":true,"href":"https:\/\/www.tecport.de\/wordpress\/wp-json\/wp\/v2\/users\/2"}],"replies":[{"embeddable":true,"href":"https:\/\/www.tecport.de\/wordpress\/wp-json\/wp\/v2\/comments?post=38"}],"version-history":[{"count":8,"href":"https:\/\/www.tecport.de\/wordpress\/wp-json\/wp\/v2\/pages\/38\/revisions"}],"predecessor-version":[{"id":558,"href":"https:\/\/www.tecport.de\/wordpress\/wp-json\/wp\/v2\/pages\/38\/revisions\/558"}],"wp:attachment":[{"href":"https:\/\/www.tecport.de\/wordpress\/wp-json\/wp\/v2\/media?parent=38"}],"curies":[{"name":"wp","href":"https:\/\/api.w.org\/{rel}","templated":true}]}}