{"id":36,"date":"2016-09-02T11:51:56","date_gmt":"2016-09-02T11:51:56","guid":{"rendered":"http:\/\/www.tecport.de\/wordpress\/?page_id=36"},"modified":"2022-11-11T11:24:43","modified_gmt":"2022-11-11T11:24:43","slug":"standorte","status":"publish","type":"page","link":"https:\/\/www.tecport.de\/wordpress\/standorte\/","title":{"rendered":"Standorte"},"content":{"rendered":"<p><img loading=\"lazy\" decoding=\"async\" class=\"alignnone size-full wp-image-61\" src=\"https:\/\/www.tecport.de\/wordpress\/wp-content\/uploads\/2016\/09\/Karte.jpg\" alt=\"\" width=\"640\" height=\"638\" srcset=\"https:\/\/www.tecport.de\/wordpress\/wp-content\/uploads\/2016\/09\/Karte.jpg 640w, https:\/\/www.tecport.de\/wordpress\/wp-content\/uploads\/2016\/09\/Karte-150x150.jpg 150w, https:\/\/www.tecport.de\/wordpress\/wp-content\/uploads\/2016\/09\/Karte-300x300.jpg 300w, https:\/\/www.tecport.de\/wordpress\/wp-content\/uploads\/2016\/09\/Karte-624x622.jpg 624w\" sizes=\"auto, (max-width: 640px) 100vw, 640px\" \/><\/p>\n<table style=\"height: 682px;\" width=\"883\" align=\"center\">\n<tbody>\n<tr>\n<td width=\"26%\"><b>Hauptsitz Polkenberg<\/b><br \/>\nLeisniger Stra\u00dfe 2e<br \/>\n04703 Leisnig<br \/>\nTel.: 034321 \/ 656-0<br \/>\nFax: 034321 \/ 12218<\/p>\n<p><b>Niederlassung Chemnitz<\/b><strong>\/Treuen<\/strong><br \/>\nAnnaberger Str. 218<br \/>\n09125 Chemnitz<br \/>\nTel.: 0371 \/ 53932-0<br \/>\nFax: 0371 \/ 53932-15<br \/>\nMonteur: Ralf Bilz<br \/>\nTel.: 0173 3770118<br \/>\nVerkauf: Bertram Siegert<br \/>\nTel.: 0173 3770110<\/p>\n<p><strong>Servicest\u00fctzpunkt G\u00f6rlitz<br \/>\n<\/strong>Monteur: Mario I\u00dfle<br \/>\nTel.: 0173 3770121<br \/>\nFax: 03581 \/ 412682<br \/>\nVerkauf: Uli Lehmann<br \/>\nTel.: 0173 3770156<\/p>\n<p><b>Servicest\u00fctzpunkt Eisleben<\/b><br \/>\nMonteur: Olaf Chlopik<br \/>\nTel.: 0173 3770133<br \/>\nFax: 03475 \/ 719248<br \/>\nVerkauf: J\u00f6rg M\u00fcnzer<br \/>\nTel.: 0173 3770134<\/td>\n<td width=\"27%\">\n<p class=\"Stil1\"><b>Servicest\u00fctzpunkt Leipzig<\/b><br \/>\nMonteur: Sebastian Kubik<br \/>\nTel: 0173 3770131<br \/>\nVerkauf: J\u00f6rg M\u00fcnzer<br \/>\nTel.: 0173 3770134<\/p>\n<p class=\"Stil1\"><b>Servicest\u00fctzpunkt Dresden<\/b><br \/>\nMonteur: Mario I\u00dfle<br \/>\nTel.: 0173 3770121<br \/>\nFax: 0351 \/ 3125482<br \/>\nVerkauf: Petra V\u00f6lker<br \/>\nTel.: 0173 3770103<\/p>\n<p class=\"Stil1\"><b>Servicest\u00fctzpunkt Finsterwalde <\/b><br \/>\nMonteur: Hagen Henzschel<br \/>\nTel.: 0173 3770158<br \/>\nVerkauf: Uli Lehmann<br \/>\nTel.: 0173 3770156<\/p>\n<p><b>Servicest\u00fctzpunkt Eisenberg<\/b><br \/>\nMonteur: Olaf Kubik<br \/>\nTel.: 0173 3770116<br \/>\nVerkauf: J\u00f6rg M\u00fcnzer<br \/>\nTel.: 0173 3770134<\/p>\n<p><b>Servicest\u00fctzpunkt Kamenz<\/b><br \/>\nMonteur: Heiko Sindermann<br \/>\nTel.: 0173 3770113<br \/>\nVerkauf: Petra V\u00f6lker<br \/>\nTel.: 0173 3770103<\/td>\n<\/tr>\n<\/tbody>\n<\/table>\n","protected":false},"excerpt":{"rendered":"<p>Hauptsitz Polkenberg Leisniger Stra\u00dfe 2e 04703 Leisnig Tel.: 034321 \/ 656-0 Fax: 034321 \/ 12218 Niederlassung Chemnitz\/Treuen Annaberger Str. 218 09125 Chemnitz Tel.: 0371 \/ 53932-0 Fax: 0371 \/ 53932-15 Monteur: Ralf Bilz Tel.: 0173 3770118 Verkauf: Bertram Siegert Tel.: 0173 3770110 Servicest\u00fctzpunkt G\u00f6rlitz Monteur: Mario I\u00dfle Tel.: 0173 3770121 Fax: 03581 \/ 412682 Verkauf: [&hellip;]<\/p>\n","protected":false},"author":2,"featured_media":0,"parent":0,"menu_order":0,"comment_status":"closed","ping_status":"closed","template":"","meta":{"footnotes":""},"class_list":["post-36","page","type-page","status-publish","hentry"],"_links":{"self":[{"href":"https:\/\/www.tecport.de\/wordpress\/wp-json\/wp\/v2\/pages\/36","targetHints":{"allow":["GET"]}}],"collection":[{"href":"https:\/\/www.tecport.de\/wordpress\/wp-json\/wp\/v2\/pages"}],"about":[{"href":"https:\/\/www.tecport.de\/wordpress\/wp-json\/wp\/v2\/types\/page"}],"author":[{"embeddable":true,"href":"https:\/\/www.tecport.de\/wordpress\/wp-json\/wp\/v2\/users\/2"}],"replies":[{"embeddable":true,"href":"https:\/\/www.tecport.de\/wordpress\/wp-json\/wp\/v2\/comments?post=36"}],"version-history":[{"count":31,"href":"https:\/\/www.tecport.de\/wordpress\/wp-json\/wp\/v2\/pages\/36\/revisions"}],"predecessor-version":[{"id":639,"href":"https:\/\/www.tecport.de\/wordpress\/wp-json\/wp\/v2\/pages\/36\/revisions\/639"}],"wp:attachment":[{"href":"https:\/\/www.tecport.de\/wordpress\/wp-json\/wp\/v2\/media?parent=36"}],"curies":[{"name":"wp","href":"https:\/\/api.w.org\/{rel}","templated":true}]}}