{"id":252,"date":"2016-09-12T13:10:12","date_gmt":"2016-09-12T13:10:12","guid":{"rendered":"http:\/\/www.tecport.de\/wordpress\/?page_id=252"},"modified":"2016-09-12T14:02:54","modified_gmt":"2016-09-12T14:02:54","slug":"raupenbagger","status":"publish","type":"page","link":"https:\/\/www.tecport.de\/wordpress\/raupenbagger\/","title":{"rendered":"Raupenbagger"},"content":{"rendered":"<p><img loading=\"lazy\" decoding=\"async\" src=\"https:\/\/tecport.de\/wordpress\/wp-content\/uploads\/2016\/09\/index-300x50.jpg\" alt=\"index\" width=\"300\" height=\"50\" class=\"alignnone size-medium wp-image-189\" srcset=\"https:\/\/www.tecport.de\/wordpress\/wp-content\/uploads\/2016\/09\/index-300x50.jpg 300w, https:\/\/www.tecport.de\/wordpress\/wp-content\/uploads\/2016\/09\/index.jpg 388w\" sizes=\"auto, (max-width: 300px) 100vw, 300px\" \/><br \/>\n<span style=\"font-size: xx-small;\">(Stand Februar 2013) &#8211; \u00c4nderungen vorbehalten<\/span><br \/>\n\n<table id=\"tablepress-6\" class=\"tablepress tablepress-id-6\">\n<tbody class=\"row-striping row-hover\">\n<tr class=\"row-1\">\n\t<td class=\"column-1\">Bagger<\/td><td class=\"column-2\">L\u00f6ffelgr\u00f6\u00dfe<\/td><td class=\"column-3\">Ger\u00e4t<\/td><td class=\"column-4\">Preis in Euro<\/td><td class=\"column-5\"><\/td><td class=\"column-6\"><\/td>\n<\/tr>\n<tr class=\"row-2\">\n\t<td class=\"column-1\">Einsatzgewicht bis<\/td><td class=\"column-2\">Grabtiefe<br \/>\n\/ -h\u00f6he<\/td><td class=\"column-3\">Je nach Verf\u00fcgbarkeit<\/td><td class=\"column-4\">pro Tag<\/td><td class=\"column-5\">Woche pro Tag<\/td><td class=\"column-6\">Monat pro Tag<\/td>\n<\/tr>\n<tr class=\"row-3\">\n\t<td class=\"column-1\">16 to<\/td><td class=\"column-2\">5,65m \/ 9,00m<\/td><td class=\"column-3\">z.B. R145LCR-9A \/ HX145<\/td><td class=\"column-4\">240<\/td><td class=\"column-5\">215<\/td><td class=\"column-6\">190<\/td>\n<\/tr>\n<tr class=\"row-4\">\n\t<td class=\"column-1\">19 to<\/td><td class=\"column-2\">5,65m \/ 9,00m<\/td><td class=\"column-3\">z.B. HX180<\/td><td class=\"column-4\">260<\/td><td class=\"column-5\">230<\/td><td class=\"column-6\">200<\/td>\n<\/tr>\n<tr class=\"row-5\">\n\t<td class=\"column-1\">22 to<\/td><td class=\"column-2\">5,60m \/ 9,20m<\/td><td class=\"column-3\">z.B. HX220 \/R220LC-9A<\/td><td class=\"column-4\">280<\/td><td class=\"column-5\">250<\/td><td class=\"column-6\">220<\/td>\n<\/tr>\n<tr class=\"row-6\">\n\t<td class=\"column-1\">25 to<\/td><td class=\"column-2\">6,90m \/ 9,70m<\/td><td class=\"column-3\">z.B. HX235 \/ R235LCR-9A<\/td><td class=\"column-4\">300<\/td><td class=\"column-5\">270<\/td><td class=\"column-6\">240<\/td>\n<\/tr>\n<tr class=\"row-7\">\n\t<td class=\"column-1\">29 to<\/td><td class=\"column-2\">6,50m \/ 10,00m<\/td><td class=\"column-3\">z.B. HX260 \/ HX300<\/td><td class=\"column-4\">330<\/td><td class=\"column-5\">300<\/td><td class=\"column-6\">270<\/td>\n<\/tr>\n<tr class=\"row-8\">\n\t<td class=\"column-1\"><\/td><td class=\"column-2\"><\/td><td class=\"column-3\"><\/td><td class=\"column-4\"><\/td><td class=\"column-5\"><\/td><td class=\"column-6\"><a href=\"http:\/\/www.tecport.de\/wordpress\/?page_id=44\"><img loading=\"lazy\" decoding=\"async\" src=\"http:\/\/www.tecport.de\/wordpress\/wp-content\/uploads\/2016\/09\/Bild1.png\" alt=\"bild1\" width=\"30\" height=\"30\" class=\"alignnone size-full wp-image-231\" srcset=\"https:\/\/www.tecport.de\/wordpress\/wp-content\/uploads\/2016\/09\/Bild1.png 153w, https:\/\/www.tecport.de\/wordpress\/wp-content\/uploads\/2016\/09\/Bild1-150x148.png 150w\" sizes=\"auto, (max-width: 30px) 100vw, 30px\" \/><\/a><\/td>\n<\/tr>\n<\/tbody>\n<\/table>\n<!-- #tablepress-6 from cache --><\/p>\n","protected":false},"excerpt":{"rendered":"<p>(Stand Februar 2013) &#8211; \u00c4nderungen vorbehalten<\/p>\n","protected":false},"author":2,"featured_media":0,"parent":0,"menu_order":0,"comment_status":"closed","ping_status":"closed","template":"","meta":{"footnotes":""},"class_list":["post-252","page","type-page","status-publish","hentry"],"_links":{"self":[{"href":"https:\/\/www.tecport.de\/wordpress\/wp-json\/wp\/v2\/pages\/252","targetHints":{"allow":["GET"]}}],"collection":[{"href":"https:\/\/www.tecport.de\/wordpress\/wp-json\/wp\/v2\/pages"}],"about":[{"href":"https:\/\/www.tecport.de\/wordpress\/wp-json\/wp\/v2\/types\/page"}],"author":[{"embeddable":true,"href":"https:\/\/www.tecport.de\/wordpress\/wp-json\/wp\/v2\/users\/2"}],"replies":[{"embeddable":true,"href":"https:\/\/www.tecport.de\/wordpress\/wp-json\/wp\/v2\/comments?post=252"}],"version-history":[{"count":2,"href":"https:\/\/www.tecport.de\/wordpress\/wp-json\/wp\/v2\/pages\/252\/revisions"}],"predecessor-version":[{"id":290,"href":"https:\/\/www.tecport.de\/wordpress\/wp-json\/wp\/v2\/pages\/252\/revisions\/290"}],"wp:attachment":[{"href":"https:\/\/www.tecport.de\/wordpress\/wp-json\/wp\/v2\/media?parent=252"}],"curies":[{"name":"wp","href":"https:\/\/api.w.org\/{rel}","templated":true}]}}