{"id":250,"date":"2016-09-12T13:09:52","date_gmt":"2016-09-12T13:09:52","guid":{"rendered":"http:\/\/www.tecport.de\/wordpress\/?page_id=250"},"modified":"2016-09-12T13:58:24","modified_gmt":"2016-09-12T13:58:24","slug":"mobilbagger","status":"publish","type":"page","link":"https:\/\/www.tecport.de\/wordpress\/mobilbagger\/","title":{"rendered":"Mobilbagger"},"content":{"rendered":"<p><img loading=\"lazy\" decoding=\"async\" src=\"https:\/\/tecport.de\/wordpress\/wp-content\/uploads\/2016\/09\/index-300x50.jpg\" alt=\"index\" width=\"300\" height=\"50\" class=\"alignnone size-medium wp-image-189\" srcset=\"https:\/\/www.tecport.de\/wordpress\/wp-content\/uploads\/2016\/09\/index-300x50.jpg 300w, https:\/\/www.tecport.de\/wordpress\/wp-content\/uploads\/2016\/09\/index.jpg 388w\" sizes=\"auto, (max-width: 300px) 100vw, 300px\" \/><br \/>\n<span style=\"font-size: xx-small;\">(Stand Februar 2013) &#8211; \u00c4nderungen vorbehalten<\/span><br \/>\n\n<table id=\"tablepress-5\" class=\"tablepress tablepress-id-5\">\n<tbody class=\"row-striping row-hover\">\n<tr class=\"row-1\">\n\t<td class=\"column-1\">Bagger<\/td><td class=\"column-2\">L\u00f6ffelgr\u00f6\u00dfe<\/td><td class=\"column-3\">Ger\u00e4t<\/td><td class=\"column-4\">Preis in Euro<\/td><td class=\"column-5\"><\/td><td class=\"column-6\"><\/td>\n<\/tr>\n<tr class=\"row-2\">\n\t<td class=\"column-1\">Einsatzgewicht bis<\/td><td class=\"column-2\">Grabtiefe\/ -h\u00f6he<\/td><td class=\"column-3\">Je nach Verf\u00fcgbarkeit<\/td><td class=\"column-4\">pro Tag<\/td><td class=\"column-5\">Woche pro Tag<\/td><td class=\"column-6\">Monat pro Tag<\/td>\n<\/tr>\n<tr class=\"row-3\">\n\t<td class=\"column-1\">\u00a0 6 to<\/td><td class=\"column-2\">3,30m \/ 5,95m<\/td><td class=\"column-3\">z.B. R55W-9A<\/td><td class=\"column-4\">140<\/td><td class=\"column-5\">130<\/td><td class=\"column-6\">105<\/td>\n<\/tr>\n<tr class=\"row-4\">\n\t<td class=\"column-1\">\u00a0 8 to<\/td><td class=\"column-2\">3,60m \/ 6,95m<\/td><td class=\"column-3\">z.B. TW 70 \/ TW 85<\/td><td class=\"column-4\">160<\/td><td class=\"column-5\">140<\/td><td class=\"column-6\">110<\/td>\n<\/tr>\n<tr class=\"row-5\">\n\t<td class=\"column-1\">10 to<\/td><td class=\"column-2\">4,00m \/ 8,00m<\/td><td class=\"column-3\">z.B. TW 110<\/td><td class=\"column-4\">180<\/td><td class=\"column-5\">160<\/td><td class=\"column-6\">130<\/td>\n<\/tr>\n<tr class=\"row-6\">\n\t<td class=\"column-1\">14 to<\/td><td class=\"column-2\">4,70m \/ 9,20m<\/td><td class=\"column-3\">z.B. R140W-9A \/ HW140<\/td><td class=\"column-4\">210<\/td><td class=\"column-5\">180<\/td><td class=\"column-6\">150<\/td>\n<\/tr>\n<tr class=\"row-7\">\n\t<td class=\"column-1\">18 to<\/td><td class=\"column-2\">5,40m \/ 9,80m<\/td><td class=\"column-3\">z.B. R160W-9A \/ R180W-9A \/ WX 165<\/td><td class=\"column-4\">230<\/td><td class=\"column-5\">200<\/td><td class=\"column-6\">170<\/td>\n<\/tr>\n<tr class=\"row-8\">\n\t<td class=\"column-1\">20 to<\/td><td class=\"column-2\">5,60m \/ 10,20m<\/td><td class=\"column-3\">z.B. HW210<\/td><td class=\"column-4\">250<\/td><td class=\"column-5\">220<\/td><td class=\"column-6\">190<\/td>\n<\/tr>\n<tr class=\"row-9\">\n\t<td class=\"column-1\"><\/td><td class=\"column-2\"><\/td><td class=\"column-3\"><\/td><td class=\"column-4\"><\/td><td class=\"column-5\"><\/td><td class=\"column-6\"><a href=\"https:\/\/www.tecport.de\/wordpress\/?page_id=44\"><img loading=\"lazy\" decoding=\"async\" src=\"https:\/\/www.tecport.de\/wordpress\/wp-content\/uploads\/2016\/09\/Bild1.png\" alt=\"bild1\" width=\"30\" height=\"30\" class=\"alignnone size-full wp-image-231\" srcset=\"https:\/\/www.tecport.de\/wordpress\/wp-content\/uploads\/2016\/09\/Bild1.png 153w, https:\/\/www.tecport.de\/wordpress\/wp-content\/uploads\/2016\/09\/Bild1-150x148.png 150w\" sizes=\"auto, (max-width: 30px) 100vw, 30px\" \/><\/a><\/td>\n<\/tr>\n<\/tbody>\n<\/table>\n<!-- #tablepress-5 from cache --><\/p>\n","protected":false},"excerpt":{"rendered":"<p>(Stand Februar 2013) &#8211; \u00c4nderungen vorbehalten<\/p>\n","protected":false},"author":2,"featured_media":0,"parent":0,"menu_order":0,"comment_status":"closed","ping_status":"closed","template":"","meta":{"footnotes":""},"class_list":["post-250","page","type-page","status-publish","hentry"],"_links":{"self":[{"href":"https:\/\/www.tecport.de\/wordpress\/wp-json\/wp\/v2\/pages\/250","targetHints":{"allow":["GET"]}}],"collection":[{"href":"https:\/\/www.tecport.de\/wordpress\/wp-json\/wp\/v2\/pages"}],"about":[{"href":"https:\/\/www.tecport.de\/wordpress\/wp-json\/wp\/v2\/types\/page"}],"author":[{"embeddable":true,"href":"https:\/\/www.tecport.de\/wordpress\/wp-json\/wp\/v2\/users\/2"}],"replies":[{"embeddable":true,"href":"https:\/\/www.tecport.de\/wordpress\/wp-json\/wp\/v2\/comments?post=250"}],"version-history":[{"count":2,"href":"https:\/\/www.tecport.de\/wordpress\/wp-json\/wp\/v2\/pages\/250\/revisions"}],"predecessor-version":[{"id":286,"href":"https:\/\/www.tecport.de\/wordpress\/wp-json\/wp\/v2\/pages\/250\/revisions\/286"}],"wp:attachment":[{"href":"https:\/\/www.tecport.de\/wordpress\/wp-json\/wp\/v2\/media?parent=250"}],"curies":[{"name":"wp","href":"https:\/\/api.w.org\/{rel}","templated":true}]}}