{"id":222,"date":"2016-09-12T12:38:45","date_gmt":"2016-09-12T12:38:45","guid":{"rendered":"http:\/\/www.tecport.de\/wordpress\/?page_id=222"},"modified":"2016-09-12T13:07:40","modified_gmt":"2016-09-12T13:07:40","slug":"minibagger","status":"publish","type":"page","link":"https:\/\/www.tecport.de\/wordpress\/minibagger\/","title":{"rendered":"Minibagger"},"content":{"rendered":"<p><img loading=\"lazy\" decoding=\"async\" src=\"https:\/\/tecport.de\/wordpress\/wp-content\/uploads\/2016\/09\/index-300x50.jpg\" alt=\"index\" width=\"300\" height=\"50\" class=\"alignnone size-medium wp-image-189\" srcset=\"https:\/\/www.tecport.de\/wordpress\/wp-content\/uploads\/2016\/09\/index-300x50.jpg 300w, https:\/\/www.tecport.de\/wordpress\/wp-content\/uploads\/2016\/09\/index.jpg 388w\" sizes=\"auto, (max-width: 300px) 100vw, 300px\" \/><br \/>\n<span style=\"font-size: xx-small;\">(Stand Februar 2013) &#8211; \u00c4nderungen vorbehalten<\/span><br \/>\n\n<table id=\"tablepress-3\" class=\"tablepress tablepress-id-3\">\n<tbody class=\"row-striping row-hover\">\n<tr class=\"row-1\">\n\t<td class=\"column-1\">Bagger<\/td><td class=\"column-2\">L\u00f6ffelgr\u00f6\u00dfe<\/td><td class=\"column-3\">Ger\u00e4t<\/td><td class=\"column-4\">Preis in Euro<\/td><td class=\"column-5\"><\/td><td class=\"column-6\"><\/td>\n<\/tr>\n<tr class=\"row-2\">\n\t<td class=\"column-1\">Ensatzgewicht bis<\/td><td class=\"column-2\">Grabtiefe\/ -h\u00f6he<\/td><td class=\"column-3\">Je nach Verf\u00fcgbarkeit<\/td><td class=\"column-4\">pro Tag<\/td><td class=\"column-5\">Woche pro Tag<\/td><td class=\"column-6\">Monat pro Tag<\/td>\n<\/tr>\n<tr class=\"row-3\">\n\t<td class=\"column-1\">\u00a0\u00a0 2,0 to<\/td><td class=\"column-2\">2,06m \/ 3,50m<\/td><td class=\"column-3\">z.B. R16-9 \/ TC 16<\/td><td class=\"column-4\">85<\/td><td class=\"column-5\">70<\/td><td class=\"column-6\">55<\/td>\n<\/tr>\n<tr class=\"row-4\">\n\t<td class=\"column-1\">\u00a0\u00a0 3,5 to<\/td><td class=\"column-2\">3,08m \/ 4,66m<\/td><td class=\"column-3\">z.B. R25Z-9A \/ R35Z-9 \/ TC 29 \/ TC 35<\/td><td class=\"column-4\">100<\/td><td class=\"column-5\">90<\/td><td class=\"column-6\">80<\/td>\n<\/tr>\n<tr class=\"row-5\">\n\t<td class=\"column-1\">\u00a0\u00a0 5,0 to<\/td><td class=\"column-2\">3,59m \/ 5,20m<\/td><td class=\"column-3\">z.B. R60CR-9A \/ TC 48<\/td><td class=\"column-4\">130<\/td><td class=\"column-5\">120<\/td><td class=\"column-6\">100<\/td>\n<\/tr>\n<tr class=\"row-6\">\n\t<td class=\"column-1\">\u00a0\u00a0 8,0 to<\/td><td class=\"column-2\">4,15m \/ 7,35m<\/td><td class=\"column-3\">z.B. R80CR-9A \/ TC 75<\/td><td class=\"column-4\">170<\/td><td class=\"column-5\">150<\/td><td class=\"column-6\">120<\/td>\n<\/tr>\n<tr class=\"row-7\">\n\t<td class=\"column-1\">\u00a012,0 to<\/td><td class=\"column-2\">5,50m \/ 8,70m<\/td><td class=\"column-3\">z.B. TC 125<\/td><td class=\"column-4\">190<\/td><td class=\"column-5\">170<\/td><td class=\"column-6\">150<\/td>\n<\/tr>\n<tr class=\"row-8\">\n\t<td class=\"column-1\"><\/td><td class=\"column-2\"><\/td><td class=\"column-3\"><\/td><td class=\"column-4\"><\/td><td class=\"column-5\"><\/td><td class=\"column-6\"><a href=\"http:\/\/www.tecport.de\/wordpress\/?page_id=44\"><img loading=\"lazy\" decoding=\"async\" src=\"http:\/\/www.tecport.de\/wordpress\/wp-content\/uploads\/2016\/09\/Bild1.png\" alt=\"bild1\" width=\"30\" height=\"30\" class=\"alignnone size-full wp-image-231\" srcset=\"https:\/\/www.tecport.de\/wordpress\/wp-content\/uploads\/2016\/09\/Bild1.png 153w, https:\/\/www.tecport.de\/wordpress\/wp-content\/uploads\/2016\/09\/Bild1-150x148.png 150w\" sizes=\"auto, (max-width: 30px) 100vw, 30px\" \/><\/a><\/td>\n<\/tr>\n<\/tbody>\n<\/table>\n<!-- #tablepress-3 from cache --><\/p>\n","protected":false},"excerpt":{"rendered":"<p>(Stand Februar 2013) &#8211; \u00c4nderungen vorbehalten<\/p>\n","protected":false},"author":2,"featured_media":0,"parent":0,"menu_order":0,"comment_status":"closed","ping_status":"closed","template":"","meta":{"footnotes":""},"class_list":["post-222","page","type-page","status-publish","hentry"],"_links":{"self":[{"href":"https:\/\/www.tecport.de\/wordpress\/wp-json\/wp\/v2\/pages\/222","targetHints":{"allow":["GET"]}}],"collection":[{"href":"https:\/\/www.tecport.de\/wordpress\/wp-json\/wp\/v2\/pages"}],"about":[{"href":"https:\/\/www.tecport.de\/wordpress\/wp-json\/wp\/v2\/types\/page"}],"author":[{"embeddable":true,"href":"https:\/\/www.tecport.de\/wordpress\/wp-json\/wp\/v2\/users\/2"}],"replies":[{"embeddable":true,"href":"https:\/\/www.tecport.de\/wordpress\/wp-json\/wp\/v2\/comments?post=222"}],"version-history":[{"count":8,"href":"https:\/\/www.tecport.de\/wordpress\/wp-json\/wp\/v2\/pages\/222\/revisions"}],"predecessor-version":[{"id":247,"href":"https:\/\/www.tecport.de\/wordpress\/wp-json\/wp\/v2\/pages\/222\/revisions\/247"}],"wp:attachment":[{"href":"https:\/\/www.tecport.de\/wordpress\/wp-json\/wp\/v2\/media?parent=222"}],"curies":[{"name":"wp","href":"https:\/\/api.w.org\/{rel}","templated":true}]}}