{"id":20,"date":"2016-09-02T08:24:35","date_gmt":"2016-09-02T08:24:35","guid":{"rendered":"http:\/\/www.tecport.de\/wordpress\/?page_id=20"},"modified":"2025-01-14T10:03:13","modified_gmt":"2025-01-14T10:03:13","slug":"jobboerse","status":"publish","type":"page","link":"https:\/\/www.tecport.de\/wordpress\/jobboerse\/","title":{"rendered":""},"content":{"rendered":"<h1><span style=\"color: #ff0000;\">Aktuelle Jobangebote<\/span><\/h1>\n<ul>\n<li style=\"list-style-type: none;\">\n<ul>\n<li style=\"list-style-type: none;\">\n<ul>\n<li><span style=\"color: #0000ff;\"> Kundendienst-Monteure (Baumaschinen \/ Landmaschinen) f\u00fcr Raum Erzgebirge\/Vogtland, Leipzig und Brandenburg<\/span><\/li>\n<\/ul>\n<\/li>\n<\/ul>\n<ul>\n<li style=\"list-style-type: none;\">\n<ul>\n<li><span style=\"color: #0000ff;\">Werkstatt-Monteure (Baumaschinen \/ Landmaschinen) f\u00fcr Hauptsitz Polkenberg<\/span><\/li>\n<li><span style=\"color: #0000ff;\">Elektriker f\u00fcr Notstromaggregate am Hauptsitz Polkenberg und f\u00fcr Kundendienst<\/span><\/li>\n<li><span style=\"color: #0000ff;\">Lehrlinge f\u00fcr kaufm\u00e4nnische und gewerbliche Ausbildung<\/span><\/li>\n<\/ul>\n<\/li>\n<\/ul>\n<\/li>\n<\/ul>\n<p><strong>Anfragen zu den Stellen direkt an Herrn Ri\u00dfel unter 0173 3770100<\/strong><\/p>\n<p><strong>Bewerbungen schriftlich an Postanschrift:<\/strong><\/p>\n<p><strong>Tecklenborg Baumaschinen GmbH, Leisniger Str. 2E, 04703 Leisnig<\/strong><\/p>\n","protected":false},"excerpt":{"rendered":"<p>Aktuelle Jobangebote Kundendienst-Monteure (Baumaschinen \/ Landmaschinen) f\u00fcr Raum Erzgebirge\/Vogtland, Leipzig und Brandenburg Werkstatt-Monteure (Baumaschinen \/ Landmaschinen) f\u00fcr Hauptsitz Polkenberg Elektriker f\u00fcr Notstromaggregate am Hauptsitz Polkenberg und f\u00fcr Kundendienst Lehrlinge f\u00fcr kaufm\u00e4nnische und gewerbliche Ausbildung Anfragen zu den Stellen direkt an Herrn Ri\u00dfel unter 0173 3770100 Bewerbungen schriftlich an Postanschrift: Tecklenborg Baumaschinen GmbH, Leisniger Str. 2E, [&hellip;]<\/p>\n","protected":false},"author":1,"featured_media":0,"parent":0,"menu_order":0,"comment_status":"closed","ping_status":"closed","template":"","meta":{"footnotes":""},"class_list":["post-20","page","type-page","status-publish","hentry"],"_links":{"self":[{"href":"https:\/\/www.tecport.de\/wordpress\/wp-json\/wp\/v2\/pages\/20","targetHints":{"allow":["GET"]}}],"collection":[{"href":"https:\/\/www.tecport.de\/wordpress\/wp-json\/wp\/v2\/pages"}],"about":[{"href":"https:\/\/www.tecport.de\/wordpress\/wp-json\/wp\/v2\/types\/page"}],"author":[{"embeddable":true,"href":"https:\/\/www.tecport.de\/wordpress\/wp-json\/wp\/v2\/users\/1"}],"replies":[{"embeddable":true,"href":"https:\/\/www.tecport.de\/wordpress\/wp-json\/wp\/v2\/comments?post=20"}],"version-history":[{"count":18,"href":"https:\/\/www.tecport.de\/wordpress\/wp-json\/wp\/v2\/pages\/20\/revisions"}],"predecessor-version":[{"id":70786,"href":"https:\/\/www.tecport.de\/wordpress\/wp-json\/wp\/v2\/pages\/20\/revisions\/70786"}],"wp:attachment":[{"href":"https:\/\/www.tecport.de\/wordpress\/wp-json\/wp\/v2\/media?parent=20"}],"curies":[{"name":"wp","href":"https:\/\/api.w.org\/{rel}","templated":true}]}}